{"id":1088739,"date":"2024-02-23T09:22:17","date_gmt":"2024-02-23T09:22:17","guid":{"rendered":"https:\/\/talleresbuded.es\/?page_id=1088739"},"modified":"2024-03-27T09:56:35","modified_gmt":"2024-03-27T09:56:35","slug":"producto","status":"publish","type":"page","link":"https:\/\/talleresbuded.es\/index.php\/producto\/","title":{"rendered":"Producto"},"content":{"rendered":"<p>[et_pb_section fb_built=\u00bb1&#8243; fullwidth=\u00bbon\u00bb _builder_version=\u00bb4.24.2&#8243; _module_preset=\u00bbdefault\u00bb global_colors_info=\u00bb{}\u00bb][et_pb_fullwidth_image src=\u00bbhttps:\/\/talleresbuded.es\/wp-content\/uploads\/2024\/02\/066fc3_e4fb95b58efa472d9299d44c315a57f5mv2.jpg\u00bb title_text=\u00bb066fc3_e4fb95b58efa472d9299d44c315a57f5~mv2&#8243; _builder_version=\u00bb4.24.2&#8243; _module_preset=\u00bbdefault\u00bb global_colors_info=\u00bb{}\u00bb][\/et_pb_fullwidth_image][\/et_pb_section][et_pb_section fb_built=\u00bb1&#8243; _builder_version=\u00bb4.24.2&#8243; _module_preset=\u00bbdefault\u00bb global_colors_info=\u00bb{}\u00bb][et_pb_row _builder_version=\u00bb4.24.2&#8243; _module_preset=\u00bbdefault\u00bb global_colors_info=\u00bb{}\u00bb][et_pb_column type=\u00bb4_4&#8243; _builder_version=\u00bb4.24.2&#8243; _module_preset=\u00bbdefault\u00bb global_colors_info=\u00bb{}\u00bb][et_pb_text _builder_version=\u00bb4.24.2&#8243; _module_preset=\u00bbdefault\u00bb header_font_size=\u00bb45px\u00bb global_colors_info=\u00bb{}\u00bb]<\/p>\n<h1 style=\"text-align: center;\"><span style=\"color: #ff0000;\">Producto propio<\/span><\/h1>\n<p>[\/et_pb_text][\/et_pb_column][\/et_pb_row][\/et_pb_section][et_pb_section fb_built=\u00bb1&#8243; _builder_version=\u00bb4.24.2&#8243; _module_preset=\u00bbdefault\u00bb global_colors_info=\u00bb{}\u00bb][et_pb_row _builder_version=\u00bb4.24.2&#8243; _module_preset=\u00bbdefault\u00bb global_colors_info=\u00bb{}\u00bb][et_pb_column type=\u00bb4_4&#8243; _builder_version=\u00bb4.24.2&#8243; _module_preset=\u00bbdefault\u00bb global_colors_info=\u00bb{}\u00bb][et_pb_text _builder_version=\u00bb4.24.2&#8243; _module_preset=\u00bbdefault\u00bb global_colors_info=\u00bb{}\u00bb]<\/p>\n<div id=\"bgLayers_comp-lb5i974l\" data-hook=\"bgLayers\" class=\"MW5IWV\">\n<div id=\"bgMedia_comp-lb5i974l\" class=\"VgO9Yg\">\n<div id=\"bgLayers_comp-lb5i96id\" data-hook=\"bgLayers\" class=\"MW5IWV\">\n<div id=\"bgMedia_comp-lb5i96id\" class=\"VgO9Yg\" style=\"text-align: justify;\">\n<p>Las fichas pl\u00e1sticas destacan como una opci\u00f3n vers\u00e1til y pr\u00e1ctica para diversas aplicaciones, desde servir como medios de pago en eventos y ferias comerciales hasta deslumbrar como innovadoras tarjetas de presentaci\u00f3n o regalos promocionales distintivos.<\/p>\n<p>Estas fichas no solo representan una alternativa eficiente y conveniente para facilitar transacciones en entornos de eventos y ferias, sino que tambi\u00e9n ofrecen una oportunidad \u00fanica para destacar la identidad de su marca o negocio de manera memorable y creativa. Su durabilidad y dise\u00f1o personalizable las convierten en una elecci\u00f3n popular para aquellos que buscan dejar una impresi\u00f3n perdurable en sus clientes y asociados.<\/p>\n<p>Ya sea que est\u00e9 organizando un evento, lanzando una campa\u00f1a publicitaria o simplemente buscando una forma \u00fanica de promover su marca, nuestras fichas pl\u00e1sticas est\u00e1n a su disposici\u00f3n para cumplir con sus necesidades espec\u00edficas. Nuestro compromiso con la calidad y la satisfacci\u00f3n del cliente garantiza que recibir\u00e1 un producto que cumple con los m\u00e1s altos est\u00e1ndares.<\/p>\n<p>Para descubrir la amplia gama de opciones disponibles en nuestro Muestrario de fichas 2024, lo invitamos cordialmente a explorar nuestro cat\u00e1logo y ponerse en contacto con nuestro equipo para obtener asesoramiento personalizado y realizar su pedido. Estamos aqu\u00ed para ayudarlo a llevar su visi\u00f3n creativa a la realidad y hacer que su pr\u00f3xima iniciativa sea un rotundo \u00e9xito.<\/p>\n<p>&nbsp;<\/p>\n<p>&nbsp;<\/p>\n<p>&nbsp;<\/p>\n<\/div>\n<\/div>\n<\/div>\n<\/div>\n<p>[\/et_pb_text][et_pb_button button_url=\u00bbhttps:\/\/talleresbuded.es\/index.php\/muestras\/\u00bb url_new_window=\u00bbon\u00bb button_text=\u00bbConsulte nuestros modelos\u00bb button_alignment=\u00bbcenter\u00bb _builder_version=\u00bb4.24.2&#8243; _module_preset=\u00bbdefault\u00bb custom_button=\u00bbon\u00bb button_text_color=\u00bb#E02B20&#8243; global_colors_info=\u00bb{}\u00bb][\/et_pb_button][\/et_pb_column][\/et_pb_row][\/et_pb_section][et_pb_section fb_built=\u00bb1&#8243; _builder_version=\u00bb4.24.2&#8243; _module_preset=\u00bbdefault\u00bb global_colors_info=\u00bb{}\u00bb][et_pb_row custom_padding_last_edited=\u00bbon|tablet\u00bb _builder_version=\u00bb4.19.5&#8243; _module_preset=\u00bbdefault\u00bb use_background_color_gradient=\u00bbon\u00bb background_color_gradient_direction=\u00bb90deg\u00bb background_color_gradient_stops=\u00bb#f2f2ff 0%|#d7d7f4 100%\u00bb custom_margin=\u00bb11px|auto||auto|false|false\u00bb custom_padding=\u00bb80px|80px|80px|80px|true|true\u00bb custom_padding_tablet=\u00bb40px|40px|40px|40px|true|true\u00bb custom_padding_phone=\u00bb30px|30px|30px|30px|true|true\u00bb border_radii=\u00bbon|4vw|4vw|4vw|4vw\u00bb locked=\u00bboff\u00bb global_colors_info=\u00bb{}\u00bb][et_pb_column type=\u00bb4_4&#8243; _builder_version=\u00bb4.19.2&#8243; _module_preset=\u00bbdefault\u00bb global_colors_info=\u00bb{}\u00bb][et_pb_contact_form use_spam_service=\u00bbon\u00bb recaptcha_list=\u00bbDefault|Default-0&#8243; email=\u00bbtalleres.buded@buded.es\u00bb _builder_version=\u00bb4.24.2&#8243; _module_preset=\u00bb6fdc04d3-2a57-4931-9aaa-bc020805155a\u00bb button_bg_color=\u00bb#8300E9&#8243; button_icon=\u00bb&#xf061;||fa||900&#8243; locked=\u00bboff\u00bb global_colors_info=\u00bb{}\u00bb global_module=\u00bb1088803&#8243; theme_builder_area=\u00bbpost_content\u00bb][et_pb_contact_field field_id=\u00bbNombre\u00bb field_title=\u00bbNombre\u00bb _builder_version=\u00bb4.24.2&#8243; _module_preset=\u00bbdefault\u00bb global_colors_info=\u00bb{}\u00bb button_text_size__hover_enabled=\u00bboff\u00bb button_one_text_size__hover_enabled=\u00bboff\u00bb button_two_text_size__hover_enabled=\u00bboff\u00bb button_text_color__hover_enabled=\u00bboff\u00bb button_one_text_color__hover_enabled=\u00bboff\u00bb button_two_text_color__hover_enabled=\u00bboff\u00bb button_border_width__hover_enabled=\u00bboff\u00bb button_one_border_width__hover_enabled=\u00bboff\u00bb button_two_border_width__hover_enabled=\u00bboff\u00bb button_border_color__hover_enabled=\u00bboff\u00bb button_one_border_color__hover_enabled=\u00bboff\u00bb button_two_border_color__hover_enabled=\u00bboff\u00bb button_border_radius__hover_enabled=\u00bboff\u00bb button_one_border_radius__hover_enabled=\u00bboff\u00bb button_two_border_radius__hover_enabled=\u00bboff\u00bb button_letter_spacing__hover_enabled=\u00bboff\u00bb button_one_letter_spacing__hover_enabled=\u00bboff\u00bb button_two_letter_spacing__hover_enabled=\u00bboff\u00bb button_bg_color__hover_enabled=\u00bboff\u00bb button_one_bg_color__hover_enabled=\u00bboff\u00bb button_two_bg_color__hover_enabled=\u00bboff\u00bb theme_builder_area=\u00bbpost_content\u00bb][\/et_pb_contact_field][et_pb_contact_field field_id=\u00bbEmail\u00bb field_title=\u00bbEmail\u00bb field_type=\u00bbemail\u00bb _builder_version=\u00bb4.24.2&#8243; _module_preset=\u00bbdefault\u00bb global_colors_info=\u00bb{}\u00bb button_text_size__hover_enabled=\u00bboff\u00bb button_one_text_size__hover_enabled=\u00bboff\u00bb button_two_text_size__hover_enabled=\u00bboff\u00bb button_text_color__hover_enabled=\u00bboff\u00bb button_one_text_color__hover_enabled=\u00bboff\u00bb button_two_text_color__hover_enabled=\u00bboff\u00bb button_border_width__hover_enabled=\u00bboff\u00bb button_one_border_width__hover_enabled=\u00bboff\u00bb button_two_border_width__hover_enabled=\u00bboff\u00bb button_border_color__hover_enabled=\u00bboff\u00bb button_one_border_color__hover_enabled=\u00bboff\u00bb button_two_border_color__hover_enabled=\u00bboff\u00bb button_border_radius__hover_enabled=\u00bboff\u00bb button_one_border_radius__hover_enabled=\u00bboff\u00bb button_two_border_radius__hover_enabled=\u00bboff\u00bb button_letter_spacing__hover_enabled=\u00bboff\u00bb button_one_letter_spacing__hover_enabled=\u00bboff\u00bb button_two_letter_spacing__hover_enabled=\u00bboff\u00bb button_bg_color__hover_enabled=\u00bboff\u00bb button_one_bg_color__hover_enabled=\u00bboff\u00bb button_two_bg_color__hover_enabled=\u00bboff\u00bb theme_builder_area=\u00bbpost_content\u00bb][\/et_pb_contact_field][et_pb_contact_field field_id=\u00bbMensaje\u00bb field_title=\u00bbMensaje\u00bb field_type=\u00bbtext\u00bb fullwidth_field=\u00bbon\u00bb _builder_version=\u00bb4.24.2&#8243; _module_preset=\u00bbdefault\u00bb global_colors_info=\u00bb{}\u00bb button_text_size__hover_enabled=\u00bboff\u00bb button_one_text_size__hover_enabled=\u00bboff\u00bb button_two_text_size__hover_enabled=\u00bboff\u00bb button_text_color__hover_enabled=\u00bboff\u00bb button_one_text_color__hover_enabled=\u00bboff\u00bb button_two_text_color__hover_enabled=\u00bboff\u00bb button_border_width__hover_enabled=\u00bboff\u00bb button_one_border_width__hover_enabled=\u00bboff\u00bb button_two_border_width__hover_enabled=\u00bboff\u00bb button_border_color__hover_enabled=\u00bboff\u00bb button_one_border_color__hover_enabled=\u00bboff\u00bb button_two_border_color__hover_enabled=\u00bboff\u00bb button_border_radius__hover_enabled=\u00bboff\u00bb button_one_border_radius__hover_enabled=\u00bboff\u00bb button_two_border_radius__hover_enabled=\u00bboff\u00bb button_letter_spacing__hover_enabled=\u00bboff\u00bb button_one_letter_spacing__hover_enabled=\u00bboff\u00bb button_two_letter_spacing__hover_enabled=\u00bboff\u00bb button_bg_color__hover_enabled=\u00bboff\u00bb button_one_bg_color__hover_enabled=\u00bboff\u00bb button_two_bg_color__hover_enabled=\u00bboff\u00bb theme_builder_area=\u00bbpost_content\u00bb][\/et_pb_contact_field][et_pb_contact_field field_id=\u00bbPolitica\u00bb field_title=\u00bbInformaci\u00f3n sobre tratamiento de datos personales. Responsable: TALLERES BUDED S.L. Finalidad: Atender y gestionar adecuadamente las consultas, comentarios, incidencias o sugerencias remitidas a trav\u00e9s de este formulario. Plazo de conservaci\u00f3n de datos: tiempo necesario para cumplir la finalidad de su recogida o de su procesamiento posterior. Legitimaci\u00f3n: Consentimiento del interesado. Destinatarios: Los datos no ser\u00e1n cedidos a terceros sin su consentimiento salvo disposici\u00f3n legal. Derechos: Puede ejercer sus derechos dirigi\u00e9ndose por correo electr\u00f3nico o presencialmente en nuestras instalaciones. Puede consultar la informaci\u00f3n adicional y detallada sobre la protecci\u00f3n de datos personales en nuestra web www.talleresbuded.es\/index.php\/politica-de-privacidad\/\u00bb field_type=\u00bbcheckbox\u00bb checkbox_options=\u00bb%91{%22value%22:%22He le\u00eddo y acepto el tratamiento de datos%22,%22checked%22:0,%22dragID%22:-1}%93&#8243; fullwidth_field=\u00bbon\u00bb _builder_version=\u00bb4.24.2&#8243; _module_preset=\u00bbdefault\u00bb global_colors_info=\u00bb{}\u00bb theme_builder_area=\u00bbpost_content\u00bb][\/et_pb_contact_field][\/et_pb_contact_form][\/et_pb_column][\/et_pb_row][\/et_pb_section]<\/p>\n","protected":false},"excerpt":{"rendered":"<p>Producto propio Las fichas pl\u00e1sticas destacan como una opci\u00f3n vers\u00e1til y pr\u00e1ctica para diversas aplicaciones, desde servir como medios de pago en eventos y ferias comerciales hasta deslumbrar como innovadoras tarjetas de presentaci\u00f3n o regalos promocionales distintivos. Estas fichas no solo representan una alternativa eficiente y conveniente para facilitar transacciones en entornos de eventos y [&hellip;]<\/p>\n","protected":false},"author":1,"featured_media":0,"parent":0,"menu_order":0,"comment_status":"closed","ping_status":"closed","template":"","meta":{"_et_pb_use_builder":"on","_et_pb_old_content":"","_et_gb_content_width":"","footnotes":""},"class_list":["post-1088739","page","type-page","status-publish","hentry"],"_links":{"self":[{"href":"https:\/\/talleresbuded.es\/index.php\/wp-json\/wp\/v2\/pages\/1088739","targetHints":{"allow":["GET"]}}],"collection":[{"href":"https:\/\/talleresbuded.es\/index.php\/wp-json\/wp\/v2\/pages"}],"about":[{"href":"https:\/\/talleresbuded.es\/index.php\/wp-json\/wp\/v2\/types\/page"}],"author":[{"embeddable":true,"href":"https:\/\/talleresbuded.es\/index.php\/wp-json\/wp\/v2\/users\/1"}],"replies":[{"embeddable":true,"href":"https:\/\/talleresbuded.es\/index.php\/wp-json\/wp\/v2\/comments?post=1088739"}],"version-history":[{"count":7,"href":"https:\/\/talleresbuded.es\/index.php\/wp-json\/wp\/v2\/pages\/1088739\/revisions"}],"predecessor-version":[{"id":1088809,"href":"https:\/\/talleresbuded.es\/index.php\/wp-json\/wp\/v2\/pages\/1088739\/revisions\/1088809"}],"wp:attachment":[{"href":"https:\/\/talleresbuded.es\/index.php\/wp-json\/wp\/v2\/media?parent=1088739"}],"curies":[{"name":"wp","href":"https:\/\/api.w.org\/{rel}","templated":true}]}}