{"id":1088713,"date":"2024-02-21T14:48:07","date_gmt":"2024-02-21T14:48:07","guid":{"rendered":"https:\/\/talleresbuded.es\/?page_id=1088713"},"modified":"2025-02-05T14:15:20","modified_gmt":"2025-02-05T14:15:20","slug":"calidad","status":"publish","type":"page","link":"https:\/\/talleresbuded.es\/index.php\/calidad\/","title":{"rendered":"Calidad"},"content":{"rendered":"<p>[et_pb_section fb_built=\u00bb1&#8243; fullwidth=\u00bbon\u00bb _builder_version=\u00bb4.24.2&#8243; _module_preset=\u00bbdefault\u00bb global_colors_info=\u00bb{}\u00bb][et_pb_fullwidth_image src=\u00bbhttps:\/\/talleresbuded.es\/wp-content\/uploads\/2024\/02\/066fc3_2567947eb2b3419985f8d3fd54edb897mv2.jpg\u00bb title_text=\u00bb066fc3_2567947eb2b3419985f8d3fd54edb897~mv2&#8243; _builder_version=\u00bb4.24.2&#8243; _module_preset=\u00bbdefault\u00bb custom_padding=\u00bb||0px|||\u00bb global_colors_info=\u00bb{}\u00bb][\/et_pb_fullwidth_image][\/et_pb_section][et_pb_section fb_built=\u00bb1&#8243; _builder_version=\u00bb4.24.2&#8243; _module_preset=\u00bbdefault\u00bb global_colors_info=\u00bb{}\u00bb][et_pb_row _builder_version=\u00bb4.24.2&#8243; _module_preset=\u00bbdefault\u00bb global_colors_info=\u00bb{}\u00bb][et_pb_column type=\u00bb4_4&#8243; _builder_version=\u00bb4.24.2&#8243; _module_preset=\u00bbdefault\u00bb global_colors_info=\u00bb{}\u00bb][et_pb_text _builder_version=\u00bb4.24.2&#8243; _module_preset=\u00bbdefault\u00bb header_font_size=\u00bb45px\u00bb global_colors_info=\u00bb{}\u00bb]<\/p>\n<h1 style=\"text-align: center;\"><span style=\"color: #ff0000;\">APOSTANDO POR LA CALIDAD Y EL SERVICIO<\/span><\/h1>\n<p>[\/et_pb_text][\/et_pb_column][\/et_pb_row][\/et_pb_section][et_pb_section fb_built=\u00bb1&#8243; _builder_version=\u00bb4.24.2&#8243; _module_preset=\u00bbdefault\u00bb custom_padding=\u00bb18px|||||\u00bb global_colors_info=\u00bb{}\u00bb][et_pb_row _builder_version=\u00bb4.24.2&#8243; _module_preset=\u00bbdefault\u00bb global_colors_info=\u00bb{}\u00bb][et_pb_column type=\u00bb4_4&#8243; _builder_version=\u00bb4.24.2&#8243; _module_preset=\u00bbdefault\u00bb global_colors_info=\u00bb{}\u00bb][et_pb_text _builder_version=\u00bb4.24.2&#8243; _module_preset=\u00bbdefault\u00bb global_colors_info=\u00bb{}\u00bb]<\/p>\n<p><strong>Nuestro sistema de Calidad basado en la norma UNE-EN-ISO-9001, garantiza la gesti\u00f3n total de la Calidad en todos los procesos que se llevan a cabo para suministrar productos y servicios de calidad a nuestros clientes.<\/strong><\/p>\n<p><strong>Los objetivos b\u00e1sicos de la Calidad de nuestra empresa son :<\/strong><\/p>\n<p><strong>Asegurar que los productos fabricados cumplen las especificaciones y satisfacen plenamente las necesidades de nuestros clientes.<\/strong><\/p>\n<p><strong>Implantar una constante mejora de la Gesti\u00f3n de la Calidad.<\/strong><\/p>\n<p><strong>Sensibilizar y motivar a todo nuestro personal acerca de la importancia de la Calidad como metodolog\u00eda de trabajo de TALLERES BUDED.<\/strong><\/p>\n<p>[\/et_pb_text][\/et_pb_column][\/et_pb_row][et_pb_row _builder_version=\u00bb4.24.2&#8243; _module_preset=\u00bbdefault\u00bb global_colors_info=\u00bb{}\u00bb][et_pb_column type=\u00bb4_4&#8243; _builder_version=\u00bb4.24.2&#8243; _module_preset=\u00bbdefault\u00bb global_colors_info=\u00bb{}\u00bb][et_pb_button button_text=\u00bbCertificado de Calidad\u00bb button_alignment=\u00bbcenter\u00bb _builder_version=\u00bb4.27.4&#8243; _module_preset=\u00bbdefault\u00bb custom_button=\u00bbon\u00bb button_text_color=\u00bb#E02B20&#8243; hover_enabled=\u00bb0&#8243; global_colors_info=\u00bb{}\u00bb sticky_enabled=\u00bb0&#8243;][\/et_pb_button][\/et_pb_column][\/et_pb_row][et_pb_row _builder_version=\u00bb4.24.2&#8243; _module_preset=\u00bb9c053170-0f29-4fce-ac4c-c9861ae979f7&#8243; global_colors_info=\u00bb{}\u00bb theme_builder_area=\u00bbpost_content\u00bb][et_pb_column type=\u00bb4_4&#8243; _builder_version=\u00bb4.24.2&#8243; _module_preset=\u00bbdefault\u00bb global_colors_info=\u00bb{}\u00bb theme_builder_area=\u00bbpost_content\u00bb][et_pb_code _builder_version=\u00bb4.27.4&#8243; _module_preset=\u00bbdefault\u00bb hover_enabled=\u00bb0&#8243; global_colors_info=\u00bb{}\u00bb theme_builder_area=\u00bbpost_content\u00bb sticky_enabled=\u00bb0&#8243;]<iframe src=\"https:\/\/talleresbuded.es\/wp-content\/uploads\/2025\/02\/Certificado-ISO.pdf\" height=\"1200\"<!-- [et_pb_line_break_holder] -->width=\u00bb100%\u00bb><\/iframe>[\/et_pb_code][\/et_pb_column][\/et_pb_row][et_pb_row _builder_version=\u00bb4.24.2&#8243; _module_preset=\u00bbdefault\u00bb global_colors_info=\u00bb{}\u00bb][et_pb_column type=\u00bb4_4&#8243; _builder_version=\u00bb4.24.2&#8243; _module_preset=\u00bbdefault\u00bb global_colors_info=\u00bb{}\u00bb][et_pb_text _builder_version=\u00bb4.24.2&#8243; _module_preset=\u00bbdefault\u00bb header_font_size=\u00bb45px\u00bb global_colors_info=\u00bb{}\u00bb]<\/p>\n<h1 style=\"text-align: center;\"><span style=\"color: #ff0000;\">POL\u00cdTICA DE CALIDAD<\/span><\/h1>\n<p>[\/et_pb_text][\/et_pb_column][\/et_pb_row][et_pb_row _builder_version=\u00bb4.24.2&#8243; _module_preset=\u00bbdefault\u00bb global_colors_info=\u00bb{}\u00bb][et_pb_column type=\u00bb4_4&#8243; _builder_version=\u00bb4.24.2&#8243; _module_preset=\u00bbdefault\u00bb global_colors_info=\u00bb{}\u00bb][et_pb_text _builder_version=\u00bb4.27.2&#8243; _module_preset=\u00bbdefault\u00bb global_colors_info=\u00bb{}\u00bb]<\/p>\n<div id=\"bgLayers_comp-lb5i99wb\" data-hook=\"bgLayers\" class=\"MW5IWV\">\n<div id=\"bgMedia_comp-lb5i99wb\" class=\"VgO9Yg\"><\/div>\n<\/div>\n<div data-mesh-id=\"comp-lb5i99wbinlineContent\" data-testid=\"inline-content\" class=\"\">\n<div data-mesh-id=\"comp-lb5i99wbinlineContent-gridContainer\" data-testid=\"mesh-container-content\">\n<div id=\"comp-jh3dr9e5\" class=\"BaOVQ8 tz5f0K comp-jh3dr9e5 wixui-rich-text\" data-testid=\"richTextElement\">\n<p class=\"font_8 wixui-rich-text__text\" style=\"text-align: justify;\"><strong><span class=\"wixui-rich-text__text\">TALLERES BUDED<\/span> con una experiencia t\u00e9cnica adquirida durante m\u00e1s de 60 a\u00f1os junto a la capacidad de nuestras instalaciones y el personal nos permiten ser especialistas en la fabricaci\u00f3n de piezas de pl\u00e1stico por inyecci\u00f3n, mecanizado y manipulado para diversos sectores.<\/strong><\/p>\n<p class=\"font_8 wixui-rich-text__text\" style=\"text-align: justify;\"><strong>En <span class=\"wixui-rich-text__text\">TALLERES BUDED<\/span> la Calidad es el resultado del conjunto de acciones encaminadas a satisfacer los requisitos de nuestros clientes y superar sus expectativas.<\/strong><\/p>\n<p class=\"font_8 wixui-rich-text__text\" style=\"text-align: justify;\"><strong>La Direcci\u00f3n considera la Calidad como un factor esencial para el \u00e9xito y desarrollo de todas las actividades de nuestra empresa, por ello se compromete juntamente con todo el equipo que compone nuestra organizaci\u00f3n a establecer una cultura de mejora continua tanto de nuestros productos como de los servicios que prestamos a nuestros clientes. Asimismo, proveer\u00e1 los medios y recursos necesarios para asegurar la aplicaci\u00f3n del Sistema de Gesti\u00f3n de Calidad a todos los niveles de la empresa.<\/strong><\/p>\n<p class=\"font_8 wixui-rich-text__text\" style=\"text-align: justify;\"><strong>Nuestro trabajo debe tender a satisfacer en alto grado los requisitos de nuestros clientes, mediante unos productos elaborados conforme con las especificaciones establecidas y cumpliendo los requisitos legales y reglamentarios. Mejorando, en la medida de lo posible, la satisfacci\u00f3n del cliente y asegurando en todo momento la trazabilidad de nuestros productos.<\/strong><\/p>\n<p class=\"font_8 wixui-rich-text__text\" style=\"text-align: justify;\"><strong>Puesto que la <span class=\"wixui-rich-text__text\">CALIDAD<\/span> de nuestro trabajo es nuestro \u00e9xito, la relaci\u00f3n con nuestros suministradores es abierta y cooperativa, intentando alcanzar una elevada calidad tanto en los productos como en las prestaciones, a un costo \u00f3ptimo, mediante la estructuraci\u00f3n rentable y sin fallos de nuestro trabajo.<\/strong><\/p>\n<p class=\"font_8 wixui-rich-text__text\" style=\"text-align: justify;\"><strong>El personal de nuestra empresa contribuye con la calidad de su propio trabajo al aseguramiento y constante mejora continua de la calidad de nuestros productos. Todos los operarios ayudan a evitar defectos y a reconocer y eliminar r\u00e1pidamente las causas de los mismos, introduciendo as\u00ed mejoras en la calidad y en la productividad y reduciendo de este modo el rechazo tanto interno como externo.<\/strong><\/p>\n<p class=\"font_8 wixui-rich-text__text\" style=\"text-align: justify;\"><strong>Por esta raz\u00f3n, se les procura en todo momento un <span class=\"wixui-rich-text__text\">ENTORNO DE TRABAJO SEGURO<\/span> y <span class=\"wixui-rich-text__text\">FORMACI\u00d3N<\/span> continuada en todos aquellos aspectos que repercutan en la calidad del trabajo que realizan, lo cual facilita su motivaci\u00f3n, concienciaci\u00f3n relativa a la calidad, competencia y orgullo por su contribuci\u00f3n al trabajo realizado.<\/strong><\/p>\n<p class=\"font_8 wixui-rich-text__text\" style=\"text-align: justify;\"><strong>Esta Direcci\u00f3n asume el compromiso de cumplir con los requisitos de las partes interesadas y mejorar continuamente la eficacia del sistema de gesti\u00f3n de la calidad.<\/strong><\/p>\n<p class=\"font_8 wixui-rich-text__text\" style=\"text-align: right;\"><strong>Cuarte de Huerva, a 17 de Octubre de 2024<\/strong><\/p>\n<p class=\"font_8 wixui-rich-text__text\" style=\"text-align: right;\"><strong>Gerencia<\/strong><\/p>\n<\/p><\/div>\n<\/p><\/div>\n<\/div>\n<p>[\/et_pb_text][\/et_pb_column][\/et_pb_row][et_pb_row column_structure=\u00bb3_5,2_5&#8243; _builder_version=\u00bb4.24.2&#8243; _module_preset=\u00bbdefault\u00bb global_colors_info=\u00bb{}\u00bb][et_pb_column type=\u00bb3_5&#8243; _builder_version=\u00bb4.24.2&#8243; _module_preset=\u00bbdefault\u00bb global_colors_info=\u00bb{}\u00bb][et_pb_text _builder_version=\u00bb4.24.2&#8243; _module_preset=\u00bbdefault\u00bb global_colors_info=\u00bb{}\u00bb]<\/p>\n<h2 style=\"text-align: right;\">Aqu\u00ed les dejamos el PDF<\/h2>\n<p>[\/et_pb_text][\/et_pb_column][et_pb_column type=\u00bb2_5&#8243; _builder_version=\u00bb4.24.2&#8243; _module_preset=\u00bbdefault\u00bb global_colors_info=\u00bb{}\u00bb][et_pb_image src=\u00bbhttps:\/\/talleresbuded.es\/wp-content\/uploads\/2024\/02\/cyber-security-13-3.png\u00bb title_text=\u00bbcyber-security-13-3&#8243; url=\u00bbhttps:\/\/talleresbuded.es\/wp-content\/uploads\/2024\/11\/Politica-de-calidad-2024-web.pdf\u00bb _builder_version=\u00bb4.27.2&#8243; _module_preset=\u00bbdefault\u00bb global_colors_info=\u00bb{}\u00bb][\/et_pb_image][\/et_pb_column][\/et_pb_row][\/et_pb_section][et_pb_section fb_built=\u00bb1&#8243; _builder_version=\u00bb4.24.2&#8243; _module_preset=\u00bbdefault\u00bb global_colors_info=\u00bb{}\u00bb][et_pb_row custom_padding_last_edited=\u00bbon|tablet\u00bb _builder_version=\u00bb4.19.5&#8243; _module_preset=\u00bbdefault\u00bb use_background_color_gradient=\u00bbon\u00bb background_color_gradient_direction=\u00bb90deg\u00bb background_color_gradient_stops=\u00bb#f2f2ff 0%|#d7d7f4 100%\u00bb custom_margin=\u00bb11px|auto||auto|false|false\u00bb custom_padding=\u00bb80px|80px|80px|80px|true|true\u00bb custom_padding_tablet=\u00bb40px|40px|40px|40px|true|true\u00bb custom_padding_phone=\u00bb30px|30px|30px|30px|true|true\u00bb border_radii=\u00bbon|4vw|4vw|4vw|4vw\u00bb locked=\u00bboff\u00bb global_colors_info=\u00bb{}\u00bb][et_pb_column type=\u00bb4_4&#8243; _builder_version=\u00bb4.19.2&#8243; _module_preset=\u00bbdefault\u00bb global_colors_info=\u00bb{}\u00bb][et_pb_contact_form use_spam_service=\u00bbon\u00bb recaptcha_list=\u00bbDefault|Default-0&#8243; email=\u00bbtalleres.buded@buded.es\u00bb _builder_version=\u00bb4.24.2&#8243; _module_preset=\u00bb6fdc04d3-2a57-4931-9aaa-bc020805155a\u00bb button_bg_color=\u00bb#8300E9&#8243; button_icon=\u00bb&#xf061;||fa||900&#8243; global_module=\u00bb1088803&#8243; locked=\u00bboff\u00bb global_colors_info=\u00bb{}\u00bb][et_pb_contact_field field_id=\u00bbNombre\u00bb field_title=\u00bbNombre\u00bb _builder_version=\u00bb4.24.2&#8243; _module_preset=\u00bbdefault\u00bb global_colors_info=\u00bb{}\u00bb button_text_size__hover_enabled=\u00bboff\u00bb button_one_text_size__hover_enabled=\u00bboff\u00bb button_two_text_size__hover_enabled=\u00bboff\u00bb button_text_color__hover_enabled=\u00bboff\u00bb button_one_text_color__hover_enabled=\u00bboff\u00bb button_two_text_color__hover_enabled=\u00bboff\u00bb button_border_width__hover_enabled=\u00bboff\u00bb button_one_border_width__hover_enabled=\u00bboff\u00bb button_two_border_width__hover_enabled=\u00bboff\u00bb button_border_color__hover_enabled=\u00bboff\u00bb button_one_border_color__hover_enabled=\u00bboff\u00bb button_two_border_color__hover_enabled=\u00bboff\u00bb button_border_radius__hover_enabled=\u00bboff\u00bb button_one_border_radius__hover_enabled=\u00bboff\u00bb button_two_border_radius__hover_enabled=\u00bboff\u00bb button_letter_spacing__hover_enabled=\u00bboff\u00bb button_one_letter_spacing__hover_enabled=\u00bboff\u00bb button_two_letter_spacing__hover_enabled=\u00bboff\u00bb button_bg_color__hover_enabled=\u00bboff\u00bb button_one_bg_color__hover_enabled=\u00bboff\u00bb button_two_bg_color__hover_enabled=\u00bboff\u00bb][\/et_pb_contact_field][et_pb_contact_field field_id=\u00bbEmail\u00bb field_title=\u00bbEmail\u00bb field_type=\u00bbemail\u00bb _builder_version=\u00bb4.24.2&#8243; _module_preset=\u00bbdefault\u00bb global_colors_info=\u00bb{}\u00bb button_text_size__hover_enabled=\u00bboff\u00bb button_one_text_size__hover_enabled=\u00bboff\u00bb button_two_text_size__hover_enabled=\u00bboff\u00bb button_text_color__hover_enabled=\u00bboff\u00bb button_one_text_color__hover_enabled=\u00bboff\u00bb button_two_text_color__hover_enabled=\u00bboff\u00bb button_border_width__hover_enabled=\u00bboff\u00bb button_one_border_width__hover_enabled=\u00bboff\u00bb button_two_border_width__hover_enabled=\u00bboff\u00bb button_border_color__hover_enabled=\u00bboff\u00bb button_one_border_color__hover_enabled=\u00bboff\u00bb button_two_border_color__hover_enabled=\u00bboff\u00bb button_border_radius__hover_enabled=\u00bboff\u00bb button_one_border_radius__hover_enabled=\u00bboff\u00bb button_two_border_radius__hover_enabled=\u00bboff\u00bb button_letter_spacing__hover_enabled=\u00bboff\u00bb button_one_letter_spacing__hover_enabled=\u00bboff\u00bb button_two_letter_spacing__hover_enabled=\u00bboff\u00bb button_bg_color__hover_enabled=\u00bboff\u00bb button_one_bg_color__hover_enabled=\u00bboff\u00bb button_two_bg_color__hover_enabled=\u00bboff\u00bb][\/et_pb_contact_field][et_pb_contact_field field_id=\u00bbMensaje\u00bb field_title=\u00bbMensaje\u00bb field_type=\u00bbtext\u00bb fullwidth_field=\u00bbon\u00bb _builder_version=\u00bb4.24.2&#8243; _module_preset=\u00bbdefault\u00bb global_colors_info=\u00bb{}\u00bb button_text_size__hover_enabled=\u00bboff\u00bb button_one_text_size__hover_enabled=\u00bboff\u00bb button_two_text_size__hover_enabled=\u00bboff\u00bb button_text_color__hover_enabled=\u00bboff\u00bb button_one_text_color__hover_enabled=\u00bboff\u00bb button_two_text_color__hover_enabled=\u00bboff\u00bb button_border_width__hover_enabled=\u00bboff\u00bb button_one_border_width__hover_enabled=\u00bboff\u00bb button_two_border_width__hover_enabled=\u00bboff\u00bb button_border_color__hover_enabled=\u00bboff\u00bb button_one_border_color__hover_enabled=\u00bboff\u00bb button_two_border_color__hover_enabled=\u00bboff\u00bb button_border_radius__hover_enabled=\u00bboff\u00bb button_one_border_radius__hover_enabled=\u00bboff\u00bb button_two_border_radius__hover_enabled=\u00bboff\u00bb button_letter_spacing__hover_enabled=\u00bboff\u00bb button_one_letter_spacing__hover_enabled=\u00bboff\u00bb button_two_letter_spacing__hover_enabled=\u00bboff\u00bb button_bg_color__hover_enabled=\u00bboff\u00bb button_one_bg_color__hover_enabled=\u00bboff\u00bb button_two_bg_color__hover_enabled=\u00bboff\u00bb][\/et_pb_contact_field][et_pb_contact_field field_id=\u00bbPolitica\u00bb field_title=\u00bbInformaci\u00f3n sobre tratamiento de datos personales. Responsable: TALLERES BUDED S.L. Finalidad: Atender y gestionar adecuadamente las consultas, comentarios, incidencias o sugerencias remitidas a trav\u00e9s de este formulario. Plazo de conservaci\u00f3n de datos: tiempo necesario para cumplir la finalidad de su recogida o de su procesamiento posterior. Legitimaci\u00f3n: Consentimiento del interesado. Destinatarios: Los datos no ser\u00e1n cedidos a terceros sin su consentimiento salvo disposici\u00f3n legal. Derechos: Puede ejercer sus derechos dirigi\u00e9ndose por correo electr\u00f3nico o presencialmente en nuestras instalaciones. Puede consultar la informaci\u00f3n adicional y detallada sobre la protecci\u00f3n de datos personales en nuestra web www.talleresbuded.es\/index.php\/politica-de-privacidad\/\u00bb field_type=\u00bbcheckbox\u00bb checkbox_options=\u00bb%91{%22value%22:%22He le\u00eddo y acepto el tratamiento de datos%22,%22checked%22:0,%22dragID%22:-1}%93&#8243; fullwidth_field=\u00bbon\u00bb _builder_version=\u00bb4.24.2&#8243; _module_preset=\u00bbdefault\u00bb global_colors_info=\u00bb{}\u00bb][\/et_pb_contact_field][\/et_pb_contact_form][\/et_pb_column][\/et_pb_row][\/et_pb_section]<\/p>\n","protected":false},"excerpt":{"rendered":"<p>APOSTANDO POR LA CALIDAD Y EL SERVICIONuestro sistema de Calidad basado en la norma UNE-EN-ISO-9001, garantiza la gesti\u00f3n total de la Calidad en todos los procesos que se llevan a cabo para suministrar productos y servicios de calidad a nuestros clientes. Los objetivos b\u00e1sicos de la Calidad de nuestra empresa son : Asegurar que los [&hellip;]<\/p>\n","protected":false},"author":1,"featured_media":0,"parent":0,"menu_order":0,"comment_status":"closed","ping_status":"closed","template":"","meta":{"_et_pb_use_builder":"on","_et_pb_old_content":"","_et_gb_content_width":"","footnotes":""},"class_list":["post-1088713","page","type-page","status-publish","hentry"],"_links":{"self":[{"href":"https:\/\/talleresbuded.es\/index.php\/wp-json\/wp\/v2\/pages\/1088713","targetHints":{"allow":["GET"]}}],"collection":[{"href":"https:\/\/talleresbuded.es\/index.php\/wp-json\/wp\/v2\/pages"}],"about":[{"href":"https:\/\/talleresbuded.es\/index.php\/wp-json\/wp\/v2\/types\/page"}],"author":[{"embeddable":true,"href":"https:\/\/talleresbuded.es\/index.php\/wp-json\/wp\/v2\/users\/1"}],"replies":[{"embeddable":true,"href":"https:\/\/talleresbuded.es\/index.php\/wp-json\/wp\/v2\/comments?post=1088713"}],"version-history":[{"count":11,"href":"https:\/\/talleresbuded.es\/index.php\/wp-json\/wp\/v2\/pages\/1088713\/revisions"}],"predecessor-version":[{"id":1088827,"href":"https:\/\/talleresbuded.es\/index.php\/wp-json\/wp\/v2\/pages\/1088713\/revisions\/1088827"}],"wp:attachment":[{"href":"https:\/\/talleresbuded.es\/index.php\/wp-json\/wp\/v2\/media?parent=1088713"}],"curies":[{"name":"wp","href":"https:\/\/api.w.org\/{rel}","templated":true}]}}