{"id":1088690,"date":"2024-02-21T14:24:55","date_gmt":"2024-02-21T14:24:55","guid":{"rendered":"https:\/\/talleresbuded.es\/?page_id=1088690"},"modified":"2024-03-27T09:55:30","modified_gmt":"2024-03-27T09:55:30","slug":"piezas-de-plastico-a-nivel-industrial","status":"publish","type":"page","link":"https:\/\/talleresbuded.es\/index.php\/piezas-de-plastico-a-nivel-industrial\/","title":{"rendered":"Piezas de plastico a nivel industrial"},"content":{"rendered":"<p>[et_pb_section fb_built=\u00bb1&#8243; fullwidth=\u00bbon\u00bb _builder_version=\u00bb4.24.2&#8243; _module_preset=\u00bbdefault\u00bb global_colors_info=\u00bb{}\u00bb][et_pb_fullwidth_image src=\u00bbhttps:\/\/talleresbuded.es\/wp-content\/uploads\/2024\/02\/066fc3_311a1fd038f848aeb787a6c4c31e829cmv2_d_2084_1384_s_2.jpg\u00bb title_text=\u00bb066fc3_311a1fd038f848aeb787a6c4c31e829c~mv2_d_2084_1384_s_2&#8243; _builder_version=\u00bb4.24.2&#8243; _module_preset=\u00bbdefault\u00bb global_colors_info=\u00bb{}\u00bb][\/et_pb_fullwidth_image][\/et_pb_section][et_pb_section fb_built=\u00bb1&#8243; _builder_version=\u00bb4.24.2&#8243; _module_preset=\u00bbdefault\u00bb global_colors_info=\u00bb{}\u00bb][et_pb_row _builder_version=\u00bb4.24.2&#8243; _module_preset=\u00bbdefault\u00bb global_colors_info=\u00bb{}\u00bb][et_pb_column type=\u00bb4_4&#8243; _builder_version=\u00bb4.24.2&#8243; _module_preset=\u00bbdefault\u00bb global_colors_info=\u00bb{}\u00bb][et_pb_text _builder_version=\u00bb4.24.2&#8243; _module_preset=\u00bbdefault\u00bb header_font_size=\u00bb45px\u00bb global_colors_info=\u00bb{}\u00bb]<\/p>\n<h1 style=\"text-align: center;\"><span style=\"color: #ff0000;\">PIEZAS DE PL\u00c1STICO A NIVEL INDUSTRIAL<\/span><\/h1>\n<p>[\/et_pb_text][\/et_pb_column][\/et_pb_row][\/et_pb_section][et_pb_section fb_built=\u00bb1&#8243; _builder_version=\u00bb4.24.2&#8243; _module_preset=\u00bbdefault\u00bb global_colors_info=\u00bb{}\u00bb][et_pb_row column_structure=\u00bb1_2,1_2&#8243; _builder_version=\u00bb4.24.2&#8243; _module_preset=\u00bbdefault\u00bb global_colors_info=\u00bb{}\u00bb][et_pb_column type=\u00bb1_2&#8243; _builder_version=\u00bb4.24.2&#8243; _module_preset=\u00bbdefault\u00bb global_colors_info=\u00bb{}\u00bb][et_pb_image src=\u00bbhttps:\/\/talleresbuded.es\/wp-content\/uploads\/2024\/02\/066fc3_151f4b2c1856438a985683dd2715d706mv2_d_2800_1777_s_2.png\u00bb title_text=\u00bb066fc3_151f4b2c1856438a985683dd2715d706~mv2_d_2800_1777_s_2&#8243; _builder_version=\u00bb4.24.2&#8243; _module_preset=\u00bbdefault\u00bb global_colors_info=\u00bb{}\u00bb][\/et_pb_image][\/et_pb_column][et_pb_column type=\u00bb1_2&#8243; _builder_version=\u00bb4.24.2&#8243; _module_preset=\u00bbdefault\u00bb global_colors_info=\u00bb{}\u00bb][et_pb_image src=\u00bbhttps:\/\/talleresbuded.es\/wp-content\/uploads\/2024\/02\/066fc3_147cee8cf0324c9980fa4176ab4fe981mv2.jpg\u00bb title_text=\u00bb066fc3_147cee8cf0324c9980fa4176ab4fe981~mv2&#8243; _builder_version=\u00bb4.24.2&#8243; _module_preset=\u00bbdefault\u00bb global_colors_info=\u00bb{}\u00bb][\/et_pb_image][\/et_pb_column][\/et_pb_row][et_pb_row _builder_version=\u00bb4.24.2&#8243; _module_preset=\u00bbdefault\u00bb global_colors_info=\u00bb{}\u00bb][et_pb_column type=\u00bb4_4&#8243; _builder_version=\u00bb4.24.2&#8243; _module_preset=\u00bbdefault\u00bb global_colors_info=\u00bb{}\u00bb][et_pb_text _builder_version=\u00bb4.24.2&#8243; _module_preset=\u00bbdefault\u00bb global_colors_info=\u00bb{}\u00bb]<\/p>\n<div id=\"bgLayers_comp-lb5i974l\" data-hook=\"bgLayers\" class=\"MW5IWV\">\n<div id=\"bgMedia_comp-lb5i974l\" class=\"VgO9Yg\">\n<div id=\"bgLayers_comp-lb5i96id\" data-hook=\"bgLayers\" class=\"MW5IWV\">\n<div id=\"bgMedia_comp-lb5i96id\" class=\"VgO9Yg\" style=\"text-align: justify;\">\n<p>TALLERES BUDED se destaca en la industria por su especializaci\u00f3n en la fabricaci\u00f3n de piezas industriales de peque\u00f1a y mediana escala, abarcando una amplia gama de aplicaciones y sectores. Nuestra capacidad para adaptarnos a las necesidades espec\u00edficas de nuestros clientes nos permite ofrecer soluciones personalizadas y de alta calidad para cada proyecto.<\/p>\n<p>Desde el inicio, nos involucramos en cada etapa del proceso productivo. Esto incluye el apoyo inicial en el dise\u00f1o del producto, donde nuestro equipo trabaja mano a mano con el cliente para asegurar que cada especificaci\u00f3n y requisito sean cumplidos a la perfecci\u00f3n. Entendemos la importancia de la precisi\u00f3n en el dise\u00f1o para la funcionalidad final de la pieza, por lo que prestamos especial atenci\u00f3n a los detalles en esta fase inicial.<\/p>\n<p>La gesti\u00f3n integral del proceso tambi\u00e9n abarca la subcontrataci\u00f3n de servicios y materiales espec\u00edficos, cuando es necesario, para garantizar que solo los mejores componentes sean utilizados en la fabricaci\u00f3n de sus piezas. Nuestro equipo se encarga de realizar un seguimiento exhaustivo de cada fase del proyecto, asegurando que los tiempos de entrega y los est\u00e1ndares de calidad sean cumplidos. Adem\u00e1s, realizamos pruebas de molde rigurosas para verificar la precisi\u00f3n y la calidad de cada pieza antes de proceder a su fabricaci\u00f3n en serie.<\/p>\n<p>La fabricaci\u00f3n de las piezas se lleva a cabo en nuestras instalaciones, utilizando tecnolog\u00eda de punta y t\u00e9cnicas avanzadas que nos permiten garantizar productos de la m\u00e1s alta calidad. Nuestro compromiso con la excelencia nos ha convertido en un socio confiable para empresas de diversos sectores, incluyendo la automoci\u00f3n, la electr\u00f3nica, la construcci\u00f3n, y m\u00e1s.<\/p>\n<p>En TALLERES BUDED, nos enorgullecemos de nuestra capacidad para ofrecer soluciones integrales y personalizadas a nuestros clientes. Nuestro objetivo es superar sus expectativas en cada proyecto, proporcionando productos duraderos, eficientes y a la vanguardia de la tecnolog\u00eda industrial. Invitamos a las empresas a contactarnos para discutir c\u00f3mo podemos ayudarles a lograr sus objetivos de producci\u00f3n con soluciones innovadoras y personalizadas.<\/p>\n<\/div>\n<\/div>\n<\/div>\n<\/div>\n<p>[\/et_pb_text][\/et_pb_column][\/et_pb_row][\/et_pb_section][et_pb_section fb_built=\u00bb1&#8243; _builder_version=\u00bb4.24.2&#8243; _module_preset=\u00bbdefault\u00bb global_colors_info=\u00bb{}\u00bb][et_pb_row custom_padding_last_edited=\u00bbon|tablet\u00bb _builder_version=\u00bb4.19.5&#8243; _module_preset=\u00bbdefault\u00bb use_background_color_gradient=\u00bbon\u00bb background_color_gradient_direction=\u00bb90deg\u00bb background_color_gradient_stops=\u00bb#f2f2ff 0%|#d7d7f4 100%\u00bb custom_margin=\u00bb11px|auto||auto|false|false\u00bb custom_padding=\u00bb80px|80px|80px|80px|true|true\u00bb custom_padding_tablet=\u00bb40px|40px|40px|40px|true|true\u00bb custom_padding_phone=\u00bb30px|30px|30px|30px|true|true\u00bb border_radii=\u00bbon|4vw|4vw|4vw|4vw\u00bb locked=\u00bboff\u00bb global_colors_info=\u00bb{}\u00bb][et_pb_column type=\u00bb4_4&#8243; _builder_version=\u00bb4.19.2&#8243; _module_preset=\u00bbdefault\u00bb global_colors_info=\u00bb{}\u00bb][et_pb_contact_form use_spam_service=\u00bbon\u00bb recaptcha_list=\u00bbDefault|Default-0&#8243; email=\u00bbtalleres.buded@buded.es\u00bb _builder_version=\u00bb4.24.2&#8243; _module_preset=\u00bb6fdc04d3-2a57-4931-9aaa-bc020805155a\u00bb button_bg_color=\u00bb#8300E9&#8243; button_icon=\u00bb&#xf061;||fa||900&#8243; locked=\u00bboff\u00bb global_colors_info=\u00bb{}\u00bb global_module=\u00bb1088803&#8243; theme_builder_area=\u00bbpost_content\u00bb][et_pb_contact_field field_id=\u00bbNombre\u00bb field_title=\u00bbNombre\u00bb _builder_version=\u00bb4.24.2&#8243; _module_preset=\u00bbdefault\u00bb global_colors_info=\u00bb{}\u00bb button_text_size__hover_enabled=\u00bboff\u00bb button_one_text_size__hover_enabled=\u00bboff\u00bb button_two_text_size__hover_enabled=\u00bboff\u00bb button_text_color__hover_enabled=\u00bboff\u00bb button_one_text_color__hover_enabled=\u00bboff\u00bb button_two_text_color__hover_enabled=\u00bboff\u00bb button_border_width__hover_enabled=\u00bboff\u00bb button_one_border_width__hover_enabled=\u00bboff\u00bb button_two_border_width__hover_enabled=\u00bboff\u00bb button_border_color__hover_enabled=\u00bboff\u00bb button_one_border_color__hover_enabled=\u00bboff\u00bb button_two_border_color__hover_enabled=\u00bboff\u00bb button_border_radius__hover_enabled=\u00bboff\u00bb button_one_border_radius__hover_enabled=\u00bboff\u00bb button_two_border_radius__hover_enabled=\u00bboff\u00bb button_letter_spacing__hover_enabled=\u00bboff\u00bb button_one_letter_spacing__hover_enabled=\u00bboff\u00bb button_two_letter_spacing__hover_enabled=\u00bboff\u00bb button_bg_color__hover_enabled=\u00bboff\u00bb button_one_bg_color__hover_enabled=\u00bboff\u00bb button_two_bg_color__hover_enabled=\u00bboff\u00bb theme_builder_area=\u00bbpost_content\u00bb][\/et_pb_contact_field][et_pb_contact_field field_id=\u00bbEmail\u00bb field_title=\u00bbEmail\u00bb field_type=\u00bbemail\u00bb _builder_version=\u00bb4.24.2&#8243; _module_preset=\u00bbdefault\u00bb global_colors_info=\u00bb{}\u00bb button_text_size__hover_enabled=\u00bboff\u00bb button_one_text_size__hover_enabled=\u00bboff\u00bb button_two_text_size__hover_enabled=\u00bboff\u00bb button_text_color__hover_enabled=\u00bboff\u00bb button_one_text_color__hover_enabled=\u00bboff\u00bb button_two_text_color__hover_enabled=\u00bboff\u00bb button_border_width__hover_enabled=\u00bboff\u00bb button_one_border_width__hover_enabled=\u00bboff\u00bb button_two_border_width__hover_enabled=\u00bboff\u00bb button_border_color__hover_enabled=\u00bboff\u00bb button_one_border_color__hover_enabled=\u00bboff\u00bb button_two_border_color__hover_enabled=\u00bboff\u00bb button_border_radius__hover_enabled=\u00bboff\u00bb button_one_border_radius__hover_enabled=\u00bboff\u00bb button_two_border_radius__hover_enabled=\u00bboff\u00bb button_letter_spacing__hover_enabled=\u00bboff\u00bb button_one_letter_spacing__hover_enabled=\u00bboff\u00bb button_two_letter_spacing__hover_enabled=\u00bboff\u00bb button_bg_color__hover_enabled=\u00bboff\u00bb button_one_bg_color__hover_enabled=\u00bboff\u00bb button_two_bg_color__hover_enabled=\u00bboff\u00bb theme_builder_area=\u00bbpost_content\u00bb][\/et_pb_contact_field][et_pb_contact_field field_id=\u00bbMensaje\u00bb field_title=\u00bbMensaje\u00bb field_type=\u00bbtext\u00bb fullwidth_field=\u00bbon\u00bb _builder_version=\u00bb4.24.2&#8243; _module_preset=\u00bbdefault\u00bb global_colors_info=\u00bb{}\u00bb button_text_size__hover_enabled=\u00bboff\u00bb button_one_text_size__hover_enabled=\u00bboff\u00bb button_two_text_size__hover_enabled=\u00bboff\u00bb button_text_color__hover_enabled=\u00bboff\u00bb button_one_text_color__hover_enabled=\u00bboff\u00bb button_two_text_color__hover_enabled=\u00bboff\u00bb button_border_width__hover_enabled=\u00bboff\u00bb button_one_border_width__hover_enabled=\u00bboff\u00bb button_two_border_width__hover_enabled=\u00bboff\u00bb button_border_color__hover_enabled=\u00bboff\u00bb button_one_border_color__hover_enabled=\u00bboff\u00bb button_two_border_color__hover_enabled=\u00bboff\u00bb button_border_radius__hover_enabled=\u00bboff\u00bb button_one_border_radius__hover_enabled=\u00bboff\u00bb button_two_border_radius__hover_enabled=\u00bboff\u00bb button_letter_spacing__hover_enabled=\u00bboff\u00bb button_one_letter_spacing__hover_enabled=\u00bboff\u00bb button_two_letter_spacing__hover_enabled=\u00bboff\u00bb button_bg_color__hover_enabled=\u00bboff\u00bb button_one_bg_color__hover_enabled=\u00bboff\u00bb button_two_bg_color__hover_enabled=\u00bboff\u00bb theme_builder_area=\u00bbpost_content\u00bb][\/et_pb_contact_field][et_pb_contact_field field_id=\u00bbPolitica\u00bb field_title=\u00bbInformaci\u00f3n sobre tratamiento de datos personales. Responsable: TALLERES BUDED S.L. Finalidad: Atender y gestionar adecuadamente las consultas, comentarios, incidencias o sugerencias remitidas a trav\u00e9s de este formulario. Plazo de conservaci\u00f3n de datos: tiempo necesario para cumplir la finalidad de su recogida o de su procesamiento posterior. Legitimaci\u00f3n: Consentimiento del interesado. Destinatarios: Los datos no ser\u00e1n cedidos a terceros sin su consentimiento salvo disposici\u00f3n legal. Derechos: Puede ejercer sus derechos dirigi\u00e9ndose por correo electr\u00f3nico o presencialmente en nuestras instalaciones. Puede consultar la informaci\u00f3n adicional y detallada sobre la protecci\u00f3n de datos personales en nuestra web www.talleresbuded.es\/index.php\/politica-de-privacidad\/\u00bb field_type=\u00bbcheckbox\u00bb checkbox_options=\u00bb%91{%22value%22:%22He le\u00eddo y acepto el tratamiento de datos%22,%22checked%22:0,%22dragID%22:-1}%93&#8243; fullwidth_field=\u00bbon\u00bb _builder_version=\u00bb4.24.2&#8243; _module_preset=\u00bbdefault\u00bb global_colors_info=\u00bb{}\u00bb theme_builder_area=\u00bbpost_content\u00bb][\/et_pb_contact_field][\/et_pb_contact_form][\/et_pb_column][\/et_pb_row][\/et_pb_section]<\/p>\n","protected":false},"excerpt":{"rendered":"<p>PIEZAS DE PL\u00c1STICO A NIVEL INDUSTRIAL TALLERES BUDED se destaca en la industria por su especializaci\u00f3n en la fabricaci\u00f3n de piezas industriales de peque\u00f1a y mediana escala, abarcando una amplia gama de aplicaciones y sectores. Nuestra capacidad para adaptarnos a las necesidades espec\u00edficas de nuestros clientes nos permite ofrecer soluciones personalizadas y de alta calidad [&hellip;]<\/p>\n","protected":false},"author":1,"featured_media":0,"parent":0,"menu_order":0,"comment_status":"closed","ping_status":"closed","template":"","meta":{"_et_pb_use_builder":"on","_et_pb_old_content":"","_et_gb_content_width":"","footnotes":""},"class_list":["post-1088690","page","type-page","status-publish","hentry"],"_links":{"self":[{"href":"https:\/\/talleresbuded.es\/index.php\/wp-json\/wp\/v2\/pages\/1088690","targetHints":{"allow":["GET"]}}],"collection":[{"href":"https:\/\/talleresbuded.es\/index.php\/wp-json\/wp\/v2\/pages"}],"about":[{"href":"https:\/\/talleresbuded.es\/index.php\/wp-json\/wp\/v2\/types\/page"}],"author":[{"embeddable":true,"href":"https:\/\/talleresbuded.es\/index.php\/wp-json\/wp\/v2\/users\/1"}],"replies":[{"embeddable":true,"href":"https:\/\/talleresbuded.es\/index.php\/wp-json\/wp\/v2\/comments?post=1088690"}],"version-history":[{"count":7,"href":"https:\/\/talleresbuded.es\/index.php\/wp-json\/wp\/v2\/pages\/1088690\/revisions"}],"predecessor-version":[{"id":1088807,"href":"https:\/\/talleresbuded.es\/index.php\/wp-json\/wp\/v2\/pages\/1088690\/revisions\/1088807"}],"wp:attachment":[{"href":"https:\/\/talleresbuded.es\/index.php\/wp-json\/wp\/v2\/media?parent=1088690"}],"curies":[{"name":"wp","href":"https:\/\/api.w.org\/{rel}","templated":true}]}}