{"id":1088674,"date":"2024-02-21T12:08:21","date_gmt":"2024-02-21T12:08:21","guid":{"rendered":"https:\/\/talleresbuded.es\/?page_id=1088674"},"modified":"2024-03-27T09:54:27","modified_gmt":"2024-03-27T09:54:27","slug":"inyeccion-de-plastico","status":"publish","type":"page","link":"https:\/\/talleresbuded.es\/index.php\/inyeccion-de-plastico\/","title":{"rendered":"Inyecci\u00f3n de Pl\u00e1stico"},"content":{"rendered":"<p>[et_pb_section fb_built=\u00bb1&#8243; fullwidth=\u00bbon\u00bb _builder_version=\u00bb4.24.2&#8243; _module_preset=\u00bbdefault\u00bb global_colors_info=\u00bb{}\u00bb][et_pb_fullwidth_image src=\u00bbhttps:\/\/talleresbuded.es\/wp-content\/uploads\/2024\/02\/066fc3_2f2f0e2d06474806a92758efa43b49f0mv2.jpg\u00bb title_text=\u00bb066fc3_2f2f0e2d06474806a92758efa43b49f0~mv2&#8243; _builder_version=\u00bb4.24.2&#8243; _module_preset=\u00bbdefault\u00bb global_colors_info=\u00bb{}\u00bb][\/et_pb_fullwidth_image][\/et_pb_section][et_pb_section fb_built=\u00bb1&#8243; _builder_version=\u00bb4.24.2&#8243; _module_preset=\u00bbdefault\u00bb global_colors_info=\u00bb{}\u00bb][et_pb_row _builder_version=\u00bb4.24.2&#8243; _module_preset=\u00bbdefault\u00bb global_colors_info=\u00bb{}\u00bb][et_pb_column type=\u00bb4_4&#8243; _builder_version=\u00bb4.24.2&#8243; _module_preset=\u00bbdefault\u00bb global_colors_info=\u00bb{}\u00bb][et_pb_text _builder_version=\u00bb4.24.2&#8243; _module_preset=\u00bbdefault\u00bb header_font_size=\u00bb45px\u00bb global_colors_info=\u00bb{}\u00bb]<\/p>\n<h1 style=\"text-align: center;\"><span style=\"color: #ff0000;\">INYECCI\u00d3N DE PL\u00c1STICOS<\/span><\/h1>\n<p>[\/et_pb_text][\/et_pb_column][\/et_pb_row][\/et_pb_section][et_pb_section fb_built=\u00bb1&#8243; _builder_version=\u00bb4.24.2&#8243; _module_preset=\u00bbdefault\u00bb global_colors_info=\u00bb{}\u00bb][et_pb_row column_structure=\u00bb1_2,1_2&#8243; _builder_version=\u00bb4.24.2&#8243; _module_preset=\u00bbdefault\u00bb global_colors_info=\u00bb{}\u00bb][et_pb_column type=\u00bb1_2&#8243; _builder_version=\u00bb4.24.2&#8243; _module_preset=\u00bbdefault\u00bb global_colors_info=\u00bb{}\u00bb][et_pb_image src=\u00bbhttps:\/\/talleresbuded.es\/wp-content\/uploads\/2024\/02\/066fc3_4b5f4db76bfa4cbbb8b5473b3255c035mv2.jpg\u00bb title_text=\u00bb066fc3_4b5f4db76bfa4cbbb8b5473b3255c035~mv2&#8243; _builder_version=\u00bb4.24.2&#8243; _module_preset=\u00bbdefault\u00bb global_colors_info=\u00bb{}\u00bb][\/et_pb_image][\/et_pb_column][et_pb_column type=\u00bb1_2&#8243; _builder_version=\u00bb4.24.2&#8243; _module_preset=\u00bbdefault\u00bb global_colors_info=\u00bb{}\u00bb][et_pb_image src=\u00bbhttps:\/\/talleresbuded.es\/wp-content\/uploads\/2024\/02\/066fc3_64effcd0882449e78586d9c042f589d1mv2.jpg\u00bb title_text=\u00bb066fc3_64effcd0882449e78586d9c042f589d1~mv2&#8243; _builder_version=\u00bb4.24.2&#8243; _module_preset=\u00bbdefault\u00bb global_colors_info=\u00bb{}\u00bb][\/et_pb_image][\/et_pb_column][\/et_pb_row][et_pb_row _builder_version=\u00bb4.24.2&#8243; _module_preset=\u00bbdefault\u00bb global_colors_info=\u00bb{}\u00bb][et_pb_column type=\u00bb4_4&#8243; _builder_version=\u00bb4.24.2&#8243; _module_preset=\u00bbdefault\u00bb global_colors_info=\u00bb{}\u00bb][et_pb_text _builder_version=\u00bb4.24.2&#8243; _module_preset=\u00bbdefault\u00bb global_colors_info=\u00bb{}\u00bb]<\/p>\n<p>En nuestra empresa, nos enorgullecemos de contar con un parque de maquinaria que se sit\u00faa a la vanguardia de las necesidades del mercado industrial. Esta dotaci\u00f3n tecnol\u00f3gica avanzada nos permite ofrecer soluciones precisas y eficientes a los desaf\u00edos de producci\u00f3n m\u00e1s complejos de nuestros clientes, abarcando desde peque\u00f1os hasta grandes vol\u00famenes de producci\u00f3n en una diversidad de materiales.<\/p>\n<p>Nuestra capacidad para adaptarnos no solo se limita a la cantidad y tipo de producci\u00f3n, sino que tambi\u00e9n se extiende a la personalizaci\u00f3n de los procesos de inyecci\u00f3n de pl\u00e1sticos para satisfacer las especificaciones exactas de cada proyecto. Esto es posible gracias a nuestro enfoque integral que incluye:<\/p>\n<ul>\n<li>La flexibilidad para trabajar con moldes proporcionados por nuestros clientes o aquellos que ya poseemos, asegurando un ajuste perfecto con las necesidades del proyecto.<\/li>\n<li>Instalaciones que se adaptan a las m\u00e1s variadas dimensiones de piezas y unidades de producci\u00f3n, lo que nos permite manejar proyectos de cualquier envergadura con la misma eficiencia y calidad.<\/li>\n<li>Un servicio de log\u00edstica integral que garantiza la gesti\u00f3n eficaz de las piezas desde el almacenamiento hasta la entrega. Este servicio incluye almacenamiento seguro de las piezas en nuestras instalaciones, una red de distribuci\u00f3n propia para entregas locales y la colaboraci\u00f3n con agencias de transporte de confianza para env\u00edos m\u00e1s all\u00e1 de nuestra \u00e1rea inmediata.<\/li>\n<\/ul>\n<p>Adem\u00e1s, entendemos que el \u00e9xito de un proyecto de inyecci\u00f3n de pl\u00e1sticos no se limita solo a la producci\u00f3n. Por eso, ofrecemos un servicio de asesoramiento completo que acompa\u00f1a a nuestros clientes desde las primeras etapas de dise\u00f1o del producto. Nuestros expertos est\u00e1n disponibles para guiarles en la selecci\u00f3n de los materiales m\u00e1s adecuados y en las decisiones de dise\u00f1o que mejor se adapten a sus necesidades, asegurando que el producto final no solo cumpla, sino que supere las expectativas.<\/p>\n<p>Este enfoque hol\u00edstico hacia la inyecci\u00f3n de pl\u00e1sticos subraya nuestro compromiso con la excelencia en cada etapa del proceso de producci\u00f3n. Nos esforzamos por ser m\u00e1s que un proveedor; nuestro objetivo es ser un socio estrat\u00e9gico para nuestros clientes, ayud\u00e1ndoles a alcanzar sus objetivos de producci\u00f3n con soluciones innovadoras, personalizadas y de la m\u00e1s alta calidad. Con nuestra empresa, los clientes pueden estar seguros de que su proyecto est\u00e1 en manos de expertos dedicados a brindar resultados excepcionales.<\/p>\n<p>[\/et_pb_text][\/et_pb_column][\/et_pb_row][\/et_pb_section][et_pb_section fb_built=\u00bb1&#8243; _builder_version=\u00bb4.24.2&#8243; _module_preset=\u00bbdefault\u00bb global_colors_info=\u00bb{}\u00bb][et_pb_row custom_padding_last_edited=\u00bbon|tablet\u00bb _builder_version=\u00bb4.19.5&#8243; _module_preset=\u00bbdefault\u00bb use_background_color_gradient=\u00bbon\u00bb background_color_gradient_direction=\u00bb90deg\u00bb background_color_gradient_stops=\u00bb#f2f2ff 0%|#d7d7f4 100%\u00bb custom_margin=\u00bb11px|auto||auto|false|false\u00bb custom_padding=\u00bb80px|80px|80px|80px|true|true\u00bb custom_padding_tablet=\u00bb40px|40px|40px|40px|true|true\u00bb custom_padding_phone=\u00bb30px|30px|30px|30px|true|true\u00bb border_radii=\u00bbon|4vw|4vw|4vw|4vw\u00bb locked=\u00bboff\u00bb global_colors_info=\u00bb{}\u00bb][et_pb_column type=\u00bb4_4&#8243; _builder_version=\u00bb4.19.2&#8243; _module_preset=\u00bbdefault\u00bb global_colors_info=\u00bb{}\u00bb][et_pb_contact_form use_spam_service=\u00bbon\u00bb recaptcha_list=\u00bbDefault|Default-0&#8243; email=\u00bbtalleres.buded@buded.es\u00bb _builder_version=\u00bb4.24.2&#8243; _module_preset=\u00bb6fdc04d3-2a57-4931-9aaa-bc020805155a\u00bb button_bg_color=\u00bb#8300E9&#8243; button_icon=\u00bb&#xf061;||fa||900&#8243; locked=\u00bboff\u00bb global_colors_info=\u00bb{}\u00bb global_module=\u00bb1088803&#8243; theme_builder_area=\u00bbpost_content\u00bb][et_pb_contact_field field_id=\u00bbNombre\u00bb field_title=\u00bbNombre\u00bb _builder_version=\u00bb4.24.2&#8243; _module_preset=\u00bbdefault\u00bb global_colors_info=\u00bb{}\u00bb button_text_size__hover_enabled=\u00bboff\u00bb button_one_text_size__hover_enabled=\u00bboff\u00bb button_two_text_size__hover_enabled=\u00bboff\u00bb button_text_color__hover_enabled=\u00bboff\u00bb button_one_text_color__hover_enabled=\u00bboff\u00bb button_two_text_color__hover_enabled=\u00bboff\u00bb button_border_width__hover_enabled=\u00bboff\u00bb button_one_border_width__hover_enabled=\u00bboff\u00bb button_two_border_width__hover_enabled=\u00bboff\u00bb button_border_color__hover_enabled=\u00bboff\u00bb button_one_border_color__hover_enabled=\u00bboff\u00bb button_two_border_color__hover_enabled=\u00bboff\u00bb button_border_radius__hover_enabled=\u00bboff\u00bb button_one_border_radius__hover_enabled=\u00bboff\u00bb button_two_border_radius__hover_enabled=\u00bboff\u00bb button_letter_spacing__hover_enabled=\u00bboff\u00bb button_one_letter_spacing__hover_enabled=\u00bboff\u00bb button_two_letter_spacing__hover_enabled=\u00bboff\u00bb button_bg_color__hover_enabled=\u00bboff\u00bb button_one_bg_color__hover_enabled=\u00bboff\u00bb button_two_bg_color__hover_enabled=\u00bboff\u00bb theme_builder_area=\u00bbpost_content\u00bb][\/et_pb_contact_field][et_pb_contact_field field_id=\u00bbEmail\u00bb field_title=\u00bbEmail\u00bb field_type=\u00bbemail\u00bb _builder_version=\u00bb4.24.2&#8243; _module_preset=\u00bbdefault\u00bb global_colors_info=\u00bb{}\u00bb button_text_size__hover_enabled=\u00bboff\u00bb button_one_text_size__hover_enabled=\u00bboff\u00bb button_two_text_size__hover_enabled=\u00bboff\u00bb button_text_color__hover_enabled=\u00bboff\u00bb button_one_text_color__hover_enabled=\u00bboff\u00bb button_two_text_color__hover_enabled=\u00bboff\u00bb button_border_width__hover_enabled=\u00bboff\u00bb button_one_border_width__hover_enabled=\u00bboff\u00bb button_two_border_width__hover_enabled=\u00bboff\u00bb button_border_color__hover_enabled=\u00bboff\u00bb button_one_border_color__hover_enabled=\u00bboff\u00bb button_two_border_color__hover_enabled=\u00bboff\u00bb button_border_radius__hover_enabled=\u00bboff\u00bb button_one_border_radius__hover_enabled=\u00bboff\u00bb button_two_border_radius__hover_enabled=\u00bboff\u00bb button_letter_spacing__hover_enabled=\u00bboff\u00bb button_one_letter_spacing__hover_enabled=\u00bboff\u00bb button_two_letter_spacing__hover_enabled=\u00bboff\u00bb button_bg_color__hover_enabled=\u00bboff\u00bb button_one_bg_color__hover_enabled=\u00bboff\u00bb button_two_bg_color__hover_enabled=\u00bboff\u00bb theme_builder_area=\u00bbpost_content\u00bb][\/et_pb_contact_field][et_pb_contact_field field_id=\u00bbMensaje\u00bb field_title=\u00bbMensaje\u00bb field_type=\u00bbtext\u00bb fullwidth_field=\u00bbon\u00bb _builder_version=\u00bb4.24.2&#8243; _module_preset=\u00bbdefault\u00bb global_colors_info=\u00bb{}\u00bb button_text_size__hover_enabled=\u00bboff\u00bb button_one_text_size__hover_enabled=\u00bboff\u00bb button_two_text_size__hover_enabled=\u00bboff\u00bb button_text_color__hover_enabled=\u00bboff\u00bb button_one_text_color__hover_enabled=\u00bboff\u00bb button_two_text_color__hover_enabled=\u00bboff\u00bb button_border_width__hover_enabled=\u00bboff\u00bb button_one_border_width__hover_enabled=\u00bboff\u00bb button_two_border_width__hover_enabled=\u00bboff\u00bb button_border_color__hover_enabled=\u00bboff\u00bb button_one_border_color__hover_enabled=\u00bboff\u00bb button_two_border_color__hover_enabled=\u00bboff\u00bb button_border_radius__hover_enabled=\u00bboff\u00bb button_one_border_radius__hover_enabled=\u00bboff\u00bb button_two_border_radius__hover_enabled=\u00bboff\u00bb button_letter_spacing__hover_enabled=\u00bboff\u00bb button_one_letter_spacing__hover_enabled=\u00bboff\u00bb button_two_letter_spacing__hover_enabled=\u00bboff\u00bb button_bg_color__hover_enabled=\u00bboff\u00bb button_one_bg_color__hover_enabled=\u00bboff\u00bb button_two_bg_color__hover_enabled=\u00bboff\u00bb theme_builder_area=\u00bbpost_content\u00bb][\/et_pb_contact_field][et_pb_contact_field field_id=\u00bbPolitica\u00bb field_title=\u00bbInformaci\u00f3n sobre tratamiento de datos personales. Responsable: TALLERES BUDED S.L. Finalidad: Atender y gestionar adecuadamente las consultas, comentarios, incidencias o sugerencias remitidas a trav\u00e9s de este formulario. Plazo de conservaci\u00f3n de datos: tiempo necesario para cumplir la finalidad de su recogida o de su procesamiento posterior. Legitimaci\u00f3n: Consentimiento del interesado. Destinatarios: Los datos no ser\u00e1n cedidos a terceros sin su consentimiento salvo disposici\u00f3n legal. Derechos: Puede ejercer sus derechos dirigi\u00e9ndose por correo electr\u00f3nico o presencialmente en nuestras instalaciones. Puede consultar la informaci\u00f3n adicional y detallada sobre la protecci\u00f3n de datos personales en nuestra web www.talleresbuded.es\/index.php\/politica-de-privacidad\/\u00bb field_type=\u00bbcheckbox\u00bb checkbox_options=\u00bb%91{%22value%22:%22He le\u00eddo y acepto el tratamiento de datos%22,%22checked%22:0,%22dragID%22:-1}%93&#8243; fullwidth_field=\u00bbon\u00bb _builder_version=\u00bb4.24.2&#8243; _module_preset=\u00bbdefault\u00bb global_colors_info=\u00bb{}\u00bb theme_builder_area=\u00bbpost_content\u00bb][\/et_pb_contact_field][\/et_pb_contact_form][\/et_pb_column][\/et_pb_row][\/et_pb_section]<\/p>\n","protected":false},"excerpt":{"rendered":"<p>INYECCI\u00d3N DE PL\u00c1STICOSEn nuestra empresa, nos enorgullecemos de contar con un parque de maquinaria que se sit\u00faa a la vanguardia de las necesidades del mercado industrial. Esta dotaci\u00f3n tecnol\u00f3gica avanzada nos permite ofrecer soluciones precisas y eficientes a los desaf\u00edos de producci\u00f3n m\u00e1s complejos de nuestros clientes, abarcando desde peque\u00f1os hasta grandes vol\u00famenes de producci\u00f3n [&hellip;]<\/p>\n","protected":false},"author":1,"featured_media":0,"parent":0,"menu_order":0,"comment_status":"closed","ping_status":"closed","template":"","meta":{"_et_pb_use_builder":"on","_et_pb_old_content":"","_et_gb_content_width":"","footnotes":""},"class_list":["post-1088674","page","type-page","status-publish","hentry"],"_links":{"self":[{"href":"https:\/\/talleresbuded.es\/index.php\/wp-json\/wp\/v2\/pages\/1088674","targetHints":{"allow":["GET"]}}],"collection":[{"href":"https:\/\/talleresbuded.es\/index.php\/wp-json\/wp\/v2\/pages"}],"about":[{"href":"https:\/\/talleresbuded.es\/index.php\/wp-json\/wp\/v2\/types\/page"}],"author":[{"embeddable":true,"href":"https:\/\/talleresbuded.es\/index.php\/wp-json\/wp\/v2\/users\/1"}],"replies":[{"embeddable":true,"href":"https:\/\/talleresbuded.es\/index.php\/wp-json\/wp\/v2\/comments?post=1088674"}],"version-history":[{"count":7,"href":"https:\/\/talleresbuded.es\/index.php\/wp-json\/wp\/v2\/pages\/1088674\/revisions"}],"predecessor-version":[{"id":1088805,"href":"https:\/\/talleresbuded.es\/index.php\/wp-json\/wp\/v2\/pages\/1088674\/revisions\/1088805"}],"wp:attachment":[{"href":"https:\/\/talleresbuded.es\/index.php\/wp-json\/wp\/v2\/media?parent=1088674"}],"curies":[{"name":"wp","href":"https:\/\/api.w.org\/{rel}","templated":true}]}}