{"id":1088656,"date":"2024-02-21T09:55:35","date_gmt":"2024-02-21T09:55:35","guid":{"rendered":"https:\/\/talleresbuded.es\/?page_id=1088656"},"modified":"2024-02-23T12:52:59","modified_gmt":"2024-02-23T12:52:59","slug":"nuestra-empresa","status":"publish","type":"page","link":"https:\/\/talleresbuded.es\/index.php\/nuestra-empresa\/","title":{"rendered":"Nuestra Empresa"},"content":{"rendered":"<p>[et_pb_section fb_built=\u00bb1&#8243; fullwidth=\u00bbon\u00bb _builder_version=\u00bb4.24.2&#8243; _module_preset=\u00bbdefault\u00bb global_colors_info=\u00bb{}\u00bb][et_pb_fullwidth_image src=\u00bbhttps:\/\/talleresbuded.es\/wp-content\/uploads\/2024\/02\/be0c8732c52445f79601e0965fa55b0e.jpg\u00bb title_text=\u00bbbe0c8732c52445f79601e0965fa55b0e\u00bb _builder_version=\u00bb4.24.2&#8243; _module_preset=\u00bbdefault\u00bb global_colors_info=\u00bb{}\u00bb][\/et_pb_fullwidth_image][\/et_pb_section][et_pb_section fb_built=\u00bb1&#8243; _builder_version=\u00bb4.24.2&#8243; _module_preset=\u00bbdefault\u00bb global_colors_info=\u00bb{}\u00bb][et_pb_row _builder_version=\u00bb4.24.2&#8243; _module_preset=\u00bbdefault\u00bb global_colors_info=\u00bb{}\u00bb][et_pb_column type=\u00bb4_4&#8243; _builder_version=\u00bb4.24.2&#8243; _module_preset=\u00bbdefault\u00bb global_colors_info=\u00bb{}\u00bb][et_pb_text _builder_version=\u00bb4.24.2&#8243; _module_preset=\u00bbdefault\u00bb header_text_color=\u00bb#E02B20&#8243; header_font_size=\u00bb45px\u00bb global_colors_info=\u00bb{}\u00bb]<\/p>\n<h1 style=\"text-align: center;\">NUESTRA EMPRESA<\/h1>\n<p>[\/et_pb_text][\/et_pb_column][\/et_pb_row][et_pb_row column_structure=\u00bb1_2,1_2&#8243; _builder_version=\u00bb4.24.2&#8243; _module_preset=\u00bbdefault\u00bb custom_padding=\u00bb||16px|||\u00bb global_colors_info=\u00bb{}\u00bb][et_pb_column type=\u00bb1_2&#8243; _builder_version=\u00bb4.24.2&#8243; _module_preset=\u00bbdefault\u00bb global_colors_info=\u00bb{}\u00bb][et_pb_slider _builder_version=\u00bb4.24.2&#8243; _module_preset=\u00bbdefault\u00bb custom_padding=\u00bb||0px|||\u00bb global_colors_info=\u00bb{}\u00bb][et_pb_slide image=\u00bbhttps:\/\/talleresbuded.es\/wp-content\/uploads\/2024\/02\/066fc3_908953a02b0a46f9b26d895d2ed83fedmv2_d_4032_3024_s_4_2.jpg\u00bb _builder_version=\u00bb4.24.2&#8243; _module_preset=\u00bbdefault\u00bb background_color=\u00bbRGBA(255,255,255,0)\u00bb background_enable_color=\u00bbon\u00bb global_colors_info=\u00bb{}\u00bb sticky_transition=\u00bbon\u00bb][\/et_pb_slide][et_pb_slide image=\u00bbhttps:\/\/talleresbuded.es\/wp-content\/uploads\/2024\/02\/chairs-2181951_1280.jpg\u00bb _builder_version=\u00bb4.24.2&#8243; _module_preset=\u00bbdefault\u00bb background_color=\u00bbRGBA(255,255,255,0)\u00bb background_enable_color=\u00bbon\u00bb global_colors_info=\u00bb{}\u00bb sticky_transition=\u00bbon\u00bb][\/et_pb_slide][\/et_pb_slider][\/et_pb_column][et_pb_column type=\u00bb1_2&#8243; _builder_version=\u00bb4.24.2&#8243; _module_preset=\u00bbdefault\u00bb global_colors_info=\u00bb{}\u00bb][et_pb_text _builder_version=\u00bb4.24.2&#8243; _module_preset=\u00bbdefault\u00bb global_colors_info=\u00bb{}\u00bb]<\/p>\n<p style=\"text-align: justify;\">TALLERES BUDED es una empresa especializada en la transformaci\u00f3n de termopl\u00e1sticos por inyecci\u00f3n y en la construcci\u00f3n de moldes.\u200b<\/p>\n<p style=\"text-align: justify;\">El conjunto de instalaciones, equipos dotados de la tecnolog\u00eda m\u00e1s avanzada y personal experto y altamente cualificado, garantiza a nuestros clientes las mejores cotas de calidad.<\/p>\n<p style=\"text-align: justify;\">La amplitud de nuestras instalaciones nos confiere gran flexibilidad en todo el proceso log\u00edstico (almacenaje, inventarios,&#8230;), ofreciendo adem\u00e1s un buen servicio con plazos de entrega muy ajustados.<\/p>\n<p style=\"text-align: justify;\">La experiencia y conocimientos acumulados durante m\u00e1s de 60 a\u00f1os de existencia en el sector nos permiten asesorar a nuestros clientes sobre la viabilidad, el desarrollo y la mejora de sus proyectos.<\/p>\n<p>[\/et_pb_text][\/et_pb_column][\/et_pb_row][et_pb_row _builder_version=\u00bb4.24.2&#8243; _module_preset=\u00bbdefault\u00bb global_colors_info=\u00bb{}\u00bb][et_pb_column type=\u00bb4_4&#8243; _builder_version=\u00bb4.24.2&#8243; _module_preset=\u00bbdefault\u00bb global_colors_info=\u00bb{}\u00bb][et_pb_text _builder_version=\u00bb4.24.2&#8243; _module_preset=\u00bbdefault\u00bb header_text_color=\u00bb#E02B20&#8243; header_font_size=\u00bb45px\u00bb global_colors_info=\u00bb{}\u00bb]<\/p>\n<h1 style=\"text-align: center;\">NUESTRO TRABAJO<\/h1>\n<p>[\/et_pb_text][\/et_pb_column][\/et_pb_row][et_pb_row _builder_version=\u00bb4.24.2&#8243; _module_preset=\u00bbdefault\u00bb global_colors_info=\u00bb{}\u00bb][et_pb_column type=\u00bb4_4&#8243; _builder_version=\u00bb4.24.2&#8243; _module_preset=\u00bbdefault\u00bb global_colors_info=\u00bb{}\u00bb][et_pb_text _builder_version=\u00bb4.24.2&#8243; _module_preset=\u00bbdefault\u00bb global_colors_info=\u00bb{}\u00bb]<\/p>\n<p style=\"text-align: justify;\">Colaboramos activamente con el cliente desde el dise\u00f1o, elaboraci\u00f3n de prototipos y simulaciones de inyecci\u00f3n, as\u00ed como los ensayos de laboratorio aplicables cumpliendo de esta manera, con los requerimientos y especificaciones de cliente.<\/p>\n<p style=\"text-align: justify;\">Nos encargamos desde la gesti\u00f3n del molde, trabajando conjuntamente con diferentes proveedores cualificados seg\u00fan la dificultad de la pieza, hasta la entrega de piezas de serie con su respectivo informe dimensional apoyado por nuestra \u00e1rea de metrolog\u00eda.<\/p>\n<p style=\"text-align: justify;\">Contamos con las instalaciones, maquinaria y recursos humanos suficientes para poder dar a sus clientes un servicio integral y personalizado, desde el dise\u00f1o de la pieza pasando por la construcci\u00f3n del molde hasta la entrega de la mercanc\u00eda ya terminada y puesta en su destino<\/p>\n<p>[\/et_pb_text][et_pb_gallery gallery_ids=\u00bb1088757,1088758,1088764,1088788&#8243; show_title_and_caption=\u00bboff\u00bb _builder_version=\u00bb4.24.2&#8243; _module_preset=\u00bbdefault\u00bb hover_enabled=\u00bb0&#8243; global_colors_info=\u00bb{}\u00bb sticky_enabled=\u00bb0&#8243;][\/et_pb_gallery][\/et_pb_column][\/et_pb_row][et_pb_row _builder_version=\u00bb4.24.2&#8243; _module_preset=\u00bbdefault\u00bb global_colors_info=\u00bb{}\u00bb][et_pb_column type=\u00bb4_4&#8243; _builder_version=\u00bb4.24.2&#8243; _module_preset=\u00bbdefault\u00bb global_colors_info=\u00bb{}\u00bb][et_pb_image src=\u00bbhttps:\/\/talleresbuded.es\/wp-content\/uploads\/2024\/02\/1.jpg\u00bb title_text=\u00bb1&#8243; align=\u00bbcenter\u00bb _builder_version=\u00bb4.24.2&#8243; _module_preset=\u00bbdefault\u00bb global_colors_info=\u00bb{}\u00bb][\/et_pb_image][\/et_pb_column][\/et_pb_row][\/et_pb_section]<\/p>\n","protected":false},"excerpt":{"rendered":"<p>NUESTRA EMPRESATALLERES BUDED es una empresa especializada en la transformaci\u00f3n de termopl\u00e1sticos por inyecci\u00f3n y en la construcci\u00f3n de moldes.\u200b El conjunto de instalaciones, equipos dotados de la tecnolog\u00eda m\u00e1s avanzada y personal experto y altamente cualificado, garantiza a nuestros clientes las mejores cotas de calidad. La amplitud de nuestras instalaciones nos confiere gran flexibilidad [&hellip;]<\/p>\n","protected":false},"author":1,"featured_media":0,"parent":0,"menu_order":0,"comment_status":"closed","ping_status":"closed","template":"","meta":{"_et_pb_use_builder":"on","_et_pb_old_content":"","_et_gb_content_width":"","footnotes":""},"class_list":["post-1088656","page","type-page","status-publish","hentry"],"_links":{"self":[{"href":"https:\/\/talleresbuded.es\/index.php\/wp-json\/wp\/v2\/pages\/1088656","targetHints":{"allow":["GET"]}}],"collection":[{"href":"https:\/\/talleresbuded.es\/index.php\/wp-json\/wp\/v2\/pages"}],"about":[{"href":"https:\/\/talleresbuded.es\/index.php\/wp-json\/wp\/v2\/types\/page"}],"author":[{"embeddable":true,"href":"https:\/\/talleresbuded.es\/index.php\/wp-json\/wp\/v2\/users\/1"}],"replies":[{"embeddable":true,"href":"https:\/\/talleresbuded.es\/index.php\/wp-json\/wp\/v2\/comments?post=1088656"}],"version-history":[{"count":11,"href":"https:\/\/talleresbuded.es\/index.php\/wp-json\/wp\/v2\/pages\/1088656\/revisions"}],"predecessor-version":[{"id":1088790,"href":"https:\/\/talleresbuded.es\/index.php\/wp-json\/wp\/v2\/pages\/1088656\/revisions\/1088790"}],"wp:attachment":[{"href":"https:\/\/talleresbuded.es\/index.php\/wp-json\/wp\/v2\/media?parent=1088656"}],"curies":[{"name":"wp","href":"https:\/\/api.w.org\/{rel}","templated":true}]}}